


{"id":293,"date":"2013-01-14T14:39:03","date_gmt":"2013-01-14T13:39:03","guid":{"rendered":"http:\/\/leonor-fini.com\/fr\/?page_id=293"},"modified":"2013-03-15T17:02:46","modified_gmt":"2013-03-15T16:02:46","slug":"masques","status":"publish","type":"page","link":"https:\/\/www.leonor-fini.com\/fr\/shows\/masques\/","title":{"rendered":"Masques"},"content":{"rendered":"<p>\u00ab J\u2019ai toujours aim\u00e9 me d\u00e9guiser. Il y a l\u00e0 un ph\u00e9nom\u00e8ne d\u2019agrandissement, de dilatation, de glorification de soi. Le bal ne m\u2019amuse pas. Il se ne passe jamais vraiment quelque chose dans le bal. J\u2019y allais uniquement pour pouvoir entrer. Pour \u00eatre les premi\u00e8res minutes enivr\u00e9e de moi-m\u00eame. Le fait que mes costumes \u00e9taient plus beaux, plus exag\u00e9r\u00e9s, et qu\u2019on faisait une haie \u00e0 mon passage, cela me donnait enti\u00e8re satisfaction ! \u00bb<\/p>\n","protected":false},"excerpt":{"rendered":"\u00ab J\u2019ai toujours aim\u00e9 me d\u00e9guiser. Il y a l\u00e0 un ph\u00e9nom\u00e8ne d\u2019agrandissement, de dilatation, de glorification de soi. Le bal ne m\u2019amuse pas. Il se ne passe jamais vraiment quelque chose dans le bal. J\u2019y allais uniquement pour pouvoir entrer. Pour \u00eatre les premi\u00e8res minutes enivr\u00e9e de moi-m\u00eame. Le fait que mes costumes \u00e9taient [&hellip;]","protected":false},"author":1,"featured_media":0,"parent":286,"menu_order":0,"comment_status":"open","ping_status":"open","template":"04-4-masques.php","meta":{"footnotes":""},"class_list":["post-293","page","type-page","status-publish","hentry"],"_links":{"self":[{"href":"https:\/\/www.leonor-fini.com\/fr\/wp-json\/wp\/v2\/pages\/293","targetHints":{"allow":["GET"]}}],"collection":[{"href":"https:\/\/www.leonor-fini.com\/fr\/wp-json\/wp\/v2\/pages"}],"about":[{"href":"https:\/\/www.leonor-fini.com\/fr\/wp-json\/wp\/v2\/types\/page"}],"author":[{"embeddable":true,"href":"https:\/\/www.leonor-fini.com\/fr\/wp-json\/wp\/v2\/users\/1"}],"replies":[{"embeddable":true,"href":"https:\/\/www.leonor-fini.com\/fr\/wp-json\/wp\/v2\/comments?post=293"}],"version-history":[{"count":5,"href":"https:\/\/www.leonor-fini.com\/fr\/wp-json\/wp\/v2\/pages\/293\/revisions"}],"predecessor-version":[{"id":742,"href":"https:\/\/www.leonor-fini.com\/fr\/wp-json\/wp\/v2\/pages\/293\/revisions\/742"}],"up":[{"embeddable":true,"href":"https:\/\/www.leonor-fini.com\/fr\/wp-json\/wp\/v2\/pages\/286"}],"wp:attachment":[{"href":"https:\/\/www.leonor-fini.com\/fr\/wp-json\/wp\/v2\/media?parent=293"}],"curies":[{"name":"wp","href":"https:\/\/api.w.org\/{rel}","templated":true}]}}