


{"id":289,"date":"2013-01-14T14:38:40","date_gmt":"2013-01-14T13:38:40","guid":{"rendered":"http:\/\/leonor-fini.com\/fr\/?page_id=289"},"modified":"2013-01-16T16:28:51","modified_gmt":"2013-01-16T15:28:51","slug":"opera-et-theatre","status":"publish","type":"page","link":"https:\/\/www.leonor-fini.com\/fr\/shows\/opera-et-theatre\/","title":{"rendered":"Op\u00e9ra et Th\u00e9\u00e2tre"},"content":{"rendered":"","protected":false},"excerpt":{"rendered":"","protected":false},"author":1,"featured_media":0,"parent":286,"menu_order":0,"comment_status":"open","ping_status":"open","template":"04-2-opera-theatre.php","meta":{"footnotes":""},"class_list":["post-289","page","type-page","status-publish","hentry"],"_links":{"self":[{"href":"https:\/\/www.leonor-fini.com\/fr\/wp-json\/wp\/v2\/pages\/289","targetHints":{"allow":["GET"]}}],"collection":[{"href":"https:\/\/www.leonor-fini.com\/fr\/wp-json\/wp\/v2\/pages"}],"about":[{"href":"https:\/\/www.leonor-fini.com\/fr\/wp-json\/wp\/v2\/types\/page"}],"author":[{"embeddable":true,"href":"https:\/\/www.leonor-fini.com\/fr\/wp-json\/wp\/v2\/users\/1"}],"replies":[{"embeddable":true,"href":"https:\/\/www.leonor-fini.com\/fr\/wp-json\/wp\/v2\/comments?post=289"}],"version-history":[{"count":5,"href":"https:\/\/www.leonor-fini.com\/fr\/wp-json\/wp\/v2\/pages\/289\/revisions"}],"predecessor-version":[{"id":711,"href":"https:\/\/www.leonor-fini.com\/fr\/wp-json\/wp\/v2\/pages\/289\/revisions\/711"}],"up":[{"embeddable":true,"href":"https:\/\/www.leonor-fini.com\/fr\/wp-json\/wp\/v2\/pages\/286"}],"wp:attachment":[{"href":"https:\/\/www.leonor-fini.com\/fr\/wp-json\/wp\/v2\/media?parent=289"}],"curies":[{"name":"wp","href":"https:\/\/api.w.org\/{rel}","templated":true}]}}