


{"id":1854,"date":"2022-01-31T19:51:04","date_gmt":"2022-01-31T18:51:04","guid":{"rendered":"http:\/\/www.leonor-fini.com\/fr\/?page_id=1854"},"modified":"2022-02-01T14:34:56","modified_gmt":"2022-02-01T13:34:56","slug":"vente-confidentielle-maquettes-de-theatre","status":"publish","type":"page","link":"https:\/\/www.leonor-fini.com\/fr\/vente-confidentielle-maquettes-de-theatre\/","title":{"rendered":"Vente confidentielle &#8211; maquettes de th\u00e9\u00e2tre"},"content":{"rendered":"<p>Leonor Fini et le Th\u00e9\u00e2tre, vente confidentielle sur rendez-vous.<\/p>\n<p>Dans les ann\u00e9es 1950 et 1960, Leonor Fini a con\u00e7u des costumes et des d\u00e9cors pour des ballets, des op\u00e9ras, des pi\u00e8ces de th\u00e9\u00e2tre et des films, de la sc\u00e8ne parisienne et italienne. Ces dessins et maquettes sont pr\u00e9sent\u00e9s de fa\u00e7on in\u00e9dite, et d\u00e9voil\u00e9s\u00a0pour la premi\u00e8re fois au public.<\/p>\n<p>Du 27 janvier au 26 f\u00e9vrier 2022, venez admirer et acqu\u00e9rir des oeuvres po\u00e9tiques et d\u00e9coratives, t\u00e9moins d&rsquo;une \u00e9poque.<\/p>\n<p><img loading=\"lazy\" decoding=\"async\" class=\"wp-image-1715 alignnone\" src=\"http:\/\/www.leonor-fini.com\/en\/wp-content\/uploads\/sites\/3\/2022\/01\/1-400x507.png\" alt=\"1\" width=\"128\" height=\"162\" \/>\u00a0<img loading=\"lazy\" decoding=\"async\" class=\"wp-image-1716 alignnone\" src=\"http:\/\/www.leonor-fini.com\/en\/wp-content\/uploads\/sites\/3\/2022\/01\/2-400x525.png\" alt=\"2\" width=\"123\" height=\"161\" \/>\u00a0<img loading=\"lazy\" decoding=\"async\" class=\"wp-image-1717 alignnone\" src=\"http:\/\/www.leonor-fini.com\/en\/wp-content\/uploads\/sites\/3\/2022\/01\/3-400x537.png\" alt=\"3\" width=\"119\" height=\"160\" \/>\u00a0<img loading=\"lazy\" decoding=\"async\" class=\"wp-image-1718 alignnone\" src=\"http:\/\/www.leonor-fini.com\/en\/wp-content\/uploads\/sites\/3\/2022\/01\/4-400x483.png\" alt=\"4\" width=\"133\" height=\"160\" \/><br \/>\nDanseuses Perle et Rubis, Le Palais de Cristal, un ballet de Balanchine, 1947<\/p>\n<p>Romeo e Giuletta, un film de Renato Castellani, production J.Arthur Rank et Universalcine, distribu\u00e9 par United Artists, Lion d\u2019Or au festival de Venise en 1954<\/p>\n<p>Costume de femme pour Il est Important d\u2019\u00eatre aim\u00e9 ou d\u2019\u00eatre constant, Oscar Wilde, adapt\u00e9 par Jean Anouilh, Th\u00e9\u00e2tre des Champs-Elys\u00e9es, 1954<\/p>\n<p>Danseur dans Danses \u00e0 Versailles, un film de Raymond Larrain, tourn\u00e9 \u00e0 la Rocaille du Ch\u00e2teau de Versailles, Radius Production, 1955<\/p>\n<p><img loading=\"lazy\" decoding=\"async\" class=\"wp-image-1721 alignnone\" src=\"http:\/\/www.leonor-fini.com\/en\/wp-content\/uploads\/sites\/3\/2022\/01\/7-400x525.png\" alt=\"7\" width=\"104\" height=\"136\" \/>\u00a0\u00a0<img loading=\"lazy\" decoding=\"async\" class=\"wp-image-1719 alignnone\" src=\"http:\/\/www.leonor-fini.com\/en\/wp-content\/uploads\/sites\/3\/2022\/01\/5-400x532.png\" alt=\"5\" width=\"103\" height=\"137\" \/>\u00a0<img loading=\"lazy\" decoding=\"async\" class=\"wp-image-1720 alignnone\" src=\"http:\/\/www.leonor-fini.com\/en\/wp-content\/uploads\/sites\/3\/2022\/01\/6-400x552.png\" alt=\"6\" width=\"99\" height=\"137\" \/>\u00a0<img loading=\"lazy\" decoding=\"async\" class=\"wp-image-1723 alignnone\" src=\"http:\/\/www.leonor-fini.com\/en\/wp-content\/uploads\/sites\/3\/2022\/01\/9-400x504.png\" alt=\"9\" width=\"109\" height=\"137\" \/><\/p>\n<p>Les Taureaux d\u2019Alexandre Arnoux, mise en sc\u00e8ne de Georges Vitaly, 1959<\/p>\n<p>Costume de danseuse pour Un bal masqu\u00e9, op\u00e9ra de Verdi, Th\u00e9\u00e2tre national de l\u2019Op\u00e9ra, 1961<\/p>\n<p>Penth\u00e9sil\u00e9e de Heinrich von Kleist, Th\u00e9\u00e2tre de la Com\u00e9die-Fran\u00e7aise, 1958<\/p>\n<p>Le Balcon de Jean Gen\u00eat, mise en sc\u00e8ne d\u2019Antoine Bourseiller, Th\u00e9\u00e2tre de Marseille, 1969<\/p>\n","protected":false},"excerpt":{"rendered":"Leonor Fini et le Th\u00e9\u00e2tre, vente confidentielle sur rendez-vous. Dans les ann\u00e9es 1950 et 1960, Leonor Fini a con\u00e7u des costumes et des d\u00e9cors pour des ballets, des op\u00e9ras, des pi\u00e8ces de th\u00e9\u00e2tre et des films, de la sc\u00e8ne parisienne et italienne. Ces dessins et maquettes sont pr\u00e9sent\u00e9s de fa\u00e7on in\u00e9dite, et d\u00e9voil\u00e9s\u00a0pour la premi\u00e8re [&hellip;]","protected":false},"author":3,"featured_media":0,"parent":0,"menu_order":0,"comment_status":"closed","ping_status":"closed","template":"","meta":{"footnotes":""},"class_list":["post-1854","page","type-page","status-publish","hentry"],"_links":{"self":[{"href":"https:\/\/www.leonor-fini.com\/fr\/wp-json\/wp\/v2\/pages\/1854","targetHints":{"allow":["GET"]}}],"collection":[{"href":"https:\/\/www.leonor-fini.com\/fr\/wp-json\/wp\/v2\/pages"}],"about":[{"href":"https:\/\/www.leonor-fini.com\/fr\/wp-json\/wp\/v2\/types\/page"}],"author":[{"embeddable":true,"href":"https:\/\/www.leonor-fini.com\/fr\/wp-json\/wp\/v2\/users\/3"}],"replies":[{"embeddable":true,"href":"https:\/\/www.leonor-fini.com\/fr\/wp-json\/wp\/v2\/comments?post=1854"}],"version-history":[{"count":5,"href":"https:\/\/www.leonor-fini.com\/fr\/wp-json\/wp\/v2\/pages\/1854\/revisions"}],"predecessor-version":[{"id":1856,"href":"https:\/\/www.leonor-fini.com\/fr\/wp-json\/wp\/v2\/pages\/1854\/revisions\/1856"}],"wp:attachment":[{"href":"https:\/\/www.leonor-fini.com\/fr\/wp-json\/wp\/v2\/media?parent=1854"}],"curies":[{"name":"wp","href":"https:\/\/api.w.org\/{rel}","templated":true}]}}