


{"id":1377,"date":"2013-02-14T16:18:13","date_gmt":"2013-02-14T15:18:13","guid":{"rendered":"http:\/\/leonor-fini.com\/fr\/?page_id=1377"},"modified":"2014-06-11T17:47:45","modified_gmt":"2014-06-11T15:47:45","slug":"collections","status":"publish","type":"page","link":"https:\/\/www.leonor-fini.com\/fr\/bio\/collections\/","title":{"rendered":"Collections"},"content":{"rendered":"<p>Mus\u00e9e d\u2019Art Moderne de la Ville de Paris<br \/>\n<i>Portrait de jeune femme (Monique Beaumont)<\/i> 1950 ; <i>Portrait d\u2019enfant<\/i>, 1935<\/p>\n<p><\/p>\n<p>Centre Georges Pompidou<br \/>\n<i>Femme travestie<\/i>, circa 1932<\/p>\n<p><\/p>\n<p>Mus\u00e9e de Grenoble<br \/>\n<i>Mandoliniste<\/i>, 1933<\/p>\n<p><\/p>\n<p>Mus\u00e9e de l\u2019Hospice Saint-Roch, Issoudun, France<br \/>\nSalle permanente &#8211; Reconstitution du Salon de l\u2019appartement de Leonor Fini, rue de La Vrilli\u00e8re \u00e0 Paris<\/p>\n<p><\/p>\n<p>Tate Modern, Londres<br \/>\n<i>Petit sphinx ermite<\/i>, 1948<\/p>\n<p><\/p>\n<p>Peggy Guggenheim Collection, Venise, Italie<br \/>\n<i>La Berg\u00e8re des sphinx<\/i>, 1941<\/p>\n<p><\/p>\n<p>Mus\u00e9e d\u2019Art et d\u2019Histoire, Gen\u00e8ve, Suisse<br \/>\n<i>Nue (Jeune fille au bas)<\/i> 1941; Nu (Nico Papatakis)<\/i> 1941<\/p>\n<p><\/p>\n<p>Museo d\u2019Arte Moderna Revoltella, Trieste, Italie<br \/>\n<i>Portrait de jeune homme d\u00e9guis\u00e9 en mendiant (portrait d&rsquo;Andr\u00e9 Pieyre de Mandiargues)<\/i> 1935<\/p>\n<p><\/p>\n<p>Miyazaki Prefectural Art Museum, Miyazaki, Japon<br \/>\n<i>Les deux cr\u00e2nes<\/i>, 1950<\/p>\n<p><\/p>\n<p>Mus\u00e9e d\u2019Art Moderne, Bruxelles, Belgique<\/p>\n<p><\/p>\n<p>Galleria Nazionale d\u2019Arte Moderna e Contemporanea, Rome, Italie<\/p>\n<p><\/p>\n<p>Th\u00e9\u00e2tre national de l&rsquo;Op\u00e9ra, Paris<br \/>\n<i>Costumes pour Tannha\u00fcser<\/i>, 1963<\/p>\n<p><\/p>\n<p>Art Institute of Chicago, Chicago, Illinois<br \/>\n<i>The Sphinx<\/i> (gouache) 1970<br \/>\n<i>The Lost Needle<\/i> (collage de Joseph Cornell avec dessin et photographie de Leonor Fini) circa 1947<\/p>\n<p><\/p>\n<p>Galleria Nazionale d&rsquo;Arte Moderna, Museo Mario Praz, Rome<br \/>\n<i>Sphinx<\/i>, circa 1950<\/p>\n<p><\/p>\n<p>Galleria d&rsquo;Arte Moderna e Contemporanea, Palazzo Massari, Ferrara, Italie<br \/>\n<i>Portrait d&rsquo;Achille Funi<\/i><\/p>\n","protected":false},"excerpt":{"rendered":"Mus\u00e9e d\u2019Art Moderne de la Ville de Paris Portrait de jeune femme (Monique Beaumont) 1950 ; Portrait d\u2019enfant, 1935 Centre Georges Pompidou Femme travestie, circa 1932 Mus\u00e9e de Grenoble Mandoliniste, 1933 Mus\u00e9e de l\u2019Hospice Saint-Roch, Issoudun, France Salle permanente &#8211; Reconstitution du Salon de l\u2019appartement de Leonor Fini, rue de La Vrilli\u00e8re \u00e0 Paris Tate [&hellip;]","protected":false},"author":1,"featured_media":0,"parent":28,"menu_order":0,"comment_status":"open","ping_status":"open","template":"01-6-collections.php","meta":{"footnotes":""},"class_list":["post-1377","page","type-page","status-publish","hentry"],"_links":{"self":[{"href":"https:\/\/www.leonor-fini.com\/fr\/wp-json\/wp\/v2\/pages\/1377","targetHints":{"allow":["GET"]}}],"collection":[{"href":"https:\/\/www.leonor-fini.com\/fr\/wp-json\/wp\/v2\/pages"}],"about":[{"href":"https:\/\/www.leonor-fini.com\/fr\/wp-json\/wp\/v2\/types\/page"}],"author":[{"embeddable":true,"href":"https:\/\/www.leonor-fini.com\/fr\/wp-json\/wp\/v2\/users\/1"}],"replies":[{"embeddable":true,"href":"https:\/\/www.leonor-fini.com\/fr\/wp-json\/wp\/v2\/comments?post=1377"}],"version-history":[{"count":5,"href":"https:\/\/www.leonor-fini.com\/fr\/wp-json\/wp\/v2\/pages\/1377\/revisions"}],"predecessor-version":[{"id":1581,"href":"https:\/\/www.leonor-fini.com\/fr\/wp-json\/wp\/v2\/pages\/1377\/revisions\/1581"}],"up":[{"embeddable":true,"href":"https:\/\/www.leonor-fini.com\/fr\/wp-json\/wp\/v2\/pages\/28"}],"wp:attachment":[{"href":"https:\/\/www.leonor-fini.com\/fr\/wp-json\/wp\/v2\/media?parent=1377"}],"curies":[{"name":"wp","href":"https:\/\/api.w.org\/{rel}","templated":true}]}}