


{"id":1370,"date":"2013-02-14T16:19:18","date_gmt":"2013-02-14T15:19:18","guid":{"rendered":"http:\/\/www.leonor-fini.com\/en\/?page_id=1370"},"modified":"2013-03-15T16:44:48","modified_gmt":"2013-03-15T15:44:48","slug":"collections","status":"publish","type":"page","link":"https:\/\/www.leonor-fini.com\/en\/biography\/collections\/","title":{"rendered":"Collections"},"content":{"rendered":"<p>Museum of Modern Art, Paris<br \/>\n<i>Portrait de jeune femme (Monique Beaumont)<\/i> 1950 ; <i>Portrait d\u2019enfant<\/i>, 1935<\/p>\n<p>Centre Georges Pompidou<br \/>\n<i>Femme travestie<\/i>, circa 1932<\/p>\n<p>Museum of Grenoble<br \/>\n<i>Mandoliniste<\/i>, 1933<\/p>\n<p>Museum l\u2019Hospice Saint-Roch, Issoudun, France<br \/>\nSalle permanente &#8211; Reconstitution du Salon de l\u2019appartement de Leonor Fini, rue de La Vrilli\u00e8re \u00e0 Paris<\/p>\n<p>Tate Modern, London<br \/>\n<i>Petit sphinx ermite<\/i>, 1948<\/p>\n<p>Peggy Guggenheim Collection, Venice, Italy<br \/>\n<i>La Berg\u00e8re des sphinx<\/i>, 1941<\/p>\n<p>Museum of Art and History, Geneva, Switzerland<br \/>\n<i>Nue (Jeune fille au bas)<\/i> 1941; Nu (Nico Papatakis)<\/i> 1941<\/p>\n<p>Museo d\u2019Arte Moderna Revoltella, Trieste, Italy<br \/>\n<i>Portrait de jeune homme d\u00e9guis\u00e9 en mendiant (portrait d&rsquo;Andr\u00e9 Pieyre de Mandiargues)<\/i> 1935<\/p>\n<p>Miyazaki Prefectural Art Museum, Miyazaki, Japan<br \/>\n<i>Les deux cr\u00e2nes<\/i>, 1950<\/p>\n<p>California Palace of The Legion of Honor, San Francisco, USA<br \/>\n<i>Autoportrait avec Stanislao Lepri<\/i>, 1942-43<\/p>\n<p>Museum of Modern Art, Brussels, Belgium<\/p>\n<p>Galleria Nazionale d\u2019Arte Moderna e Contemporanea, Roma, Italy<\/p>\n<p>National Opera Theater, Paris<br \/>\n<i>Costumes pour Tannha\u00fcser<\/i>, 1963<\/p>\n<p>Art Institute of Chicago, Chicago, Illinois<br \/>\n<i>The Sphinx<\/i> (gouache) 1970<br \/>\n<i>The Lost Needle<\/i> (collage de Joseph Cornell avec dessin et photographie de Leonor Fini) circa 1947<\/p>\n<p>Galleria Nazionale d&rsquo;Arte Moderna, Museo Mario Praz, Rome<br \/>\n<i>Sphinx<\/i>, circa 1950<\/p>\n<p>Galleria d&rsquo;Arte Moderna e Contemporanea, Palazzo Massari, Ferrara, Italy<br \/>\n<i>Portrait d&rsquo;Achille Funi<\/i><\/p>\n","protected":false},"excerpt":{"rendered":"Museum of Modern Art, Paris Portrait de jeune femme (Monique Beaumont) 1950 ; Portrait d\u2019enfant, 1935 Centre Georges Pompidou Femme travestie, circa 1932 Museum of Grenoble Mandoliniste, 1933 Museum l\u2019Hospice Saint-Roch, Issoudun, France Salle permanente &#8211; Reconstitution du Salon de l\u2019appartement de Leonor Fini, rue de La Vrilli\u00e8re \u00e0 Paris Tate Modern, London Petit sphinx [&hellip;]","protected":false},"author":1,"featured_media":0,"parent":28,"menu_order":0,"comment_status":"open","ping_status":"open","template":"01-6-collections.php","meta":{"footnotes":""},"class_list":["post-1370","page","type-page","status-publish","hentry"],"_links":{"self":[{"href":"https:\/\/www.leonor-fini.com\/en\/wp-json\/wp\/v2\/pages\/1370","targetHints":{"allow":["GET"]}}],"collection":[{"href":"https:\/\/www.leonor-fini.com\/en\/wp-json\/wp\/v2\/pages"}],"about":[{"href":"https:\/\/www.leonor-fini.com\/en\/wp-json\/wp\/v2\/types\/page"}],"author":[{"embeddable":true,"href":"https:\/\/www.leonor-fini.com\/en\/wp-json\/wp\/v2\/users\/1"}],"replies":[{"embeddable":true,"href":"https:\/\/www.leonor-fini.com\/en\/wp-json\/wp\/v2\/comments?post=1370"}],"version-history":[{"count":6,"href":"https:\/\/www.leonor-fini.com\/en\/wp-json\/wp\/v2\/pages\/1370\/revisions"}],"predecessor-version":[{"id":1443,"href":"https:\/\/www.leonor-fini.com\/en\/wp-json\/wp\/v2\/pages\/1370\/revisions\/1443"}],"up":[{"embeddable":true,"href":"https:\/\/www.leonor-fini.com\/en\/wp-json\/wp\/v2\/pages\/28"}],"wp:attachment":[{"href":"https:\/\/www.leonor-fini.com\/en\/wp-json\/wp\/v2\/media?parent=1370"}],"curies":[{"name":"wp","href":"https:\/\/api.w.org\/{rel}","templated":true}]}}